{"id":522,"date":"2023-09-08T14:49:44","date_gmt":"2023-09-08T17:49:44","guid":{"rendered":"https:\/\/leonardoguedes.com.br\/lg\/?page_id=522"},"modified":"2023-09-08T15:11:30","modified_gmt":"2023-09-08T18:11:30","slug":"meus-artigos-tecnicos","status":"publish","type":"page","link":"https:\/\/leonardoguedes.com.br\/lg\/","title":{"rendered":"Artigos T\u00e9cnicos"},"content":{"rendered":"\n<div class=\"wp-block-query is-layout-flow wp-block-query-is-layout-flow\">\n<div class=\"wp-block-group is-vertical is-layout-flex wp-container-core-group-is-layout-8cf370e7 wp-block-group-is-layout-flex\"><ul class=\"columns-3 wp-block-post-template is-layout-grid wp-container-core-post-template-is-layout-2fc57c17 wp-block-post-template-is-layout-grid\"><li class=\"wp-block-post post-658 post type-post status-publish format-standard hentry category-educacao-tecnologia\">\n\n<div class=\"wp-block-group has-small-font-size is-vertical is-layout-flex wp-container-core-group-is-layout-2eb2ff60 wp-block-group-is-layout-flex\" style=\"padding-top:30px;padding-right:30px;padding-bottom:30px;padding-left:30px\"><h2 class=\"wp-block-post-title\"><a href=\"https:\/\/leonardoguedes.com.br\/lg\/2026\/03\/28\/analise-ambiental-swot-com-priorizacao\/\" target=\"_self\" >An\u00e1lise Ambiental SWOT com Prioriza\u00e7\u00e3o: Realiza\u00e7\u00e3o do MotoGP em Goi\u00e2nia An\u00e1lise Ambiental SWOT com Prioriza\u00e7\u00e3o<\/a><\/h2>\n\n<div class=\"wp-block-post-excerpt\"><p class=\"wp-block-post-excerpt__excerpt\">Leonardo Guerra de Rezende Guedes, Prof. Dr. UFG &amp; Poli, PUC Goi\u00e1s Introdu\u00e7\u00e3o Estudo de Caso:&nbsp;Realiza\u00e7\u00e3o do MotoGP em Goi\u00e2nia A l\u00f3gica metodol\u00f3gica deste manual parte de um ponto central da literatura cl\u00e1ssica:&nbsp;diagn\u00f3stico ambiental sem prioriza\u00e7\u00e3o tende a produzir listas extensas, vagas e pouco acion\u00e1veis. Hill e Westbrook (1997) mostraram exatamente esse problema ao observar&hellip; <\/p><\/div>\n\n<div class=\"wp-block-post-date\"><time datetime=\"2026-03-28T11:33:50-03:00\">2026-03-28<\/time><\/div><\/div>\n\n<\/li><li class=\"wp-block-post post-645 post type-post status-publish format-standard hentry category-educacao-tecnologia\">\n\n<div class=\"wp-block-group has-small-font-size is-vertical is-layout-flex wp-container-core-group-is-layout-2eb2ff60 wp-block-group-is-layout-flex\" style=\"padding-top:30px;padding-right:30px;padding-bottom:30px;padding-left:30px\"><h2 class=\"wp-block-post-title\"><a href=\"https:\/\/leonardoguedes.com.br\/lg\/2024\/01\/03\/ciencia-de-dados-na-era-dos-influenciadores-digitais\/\" target=\"_self\" >Ci\u00eancia de Dados na Era dos Influenciadores Digitais<\/a><\/h2>\n\n<div class=\"wp-block-post-excerpt\"><p class=\"wp-block-post-excerpt__excerpt\">Os influenciadores digitais desempenham um papel crucial na era moderna da comunica\u00e7\u00e3o e marketing. A ci\u00eancia de dados se aplica nesse contexto para analisar e compreender o impacto desses influenciadores nas redes sociais. Utilizando t\u00e9cnicas avan\u00e7adas como an\u00e1lise de redes sociais, minera\u00e7\u00e3o de dados e aprendizado de m\u00e1quina, \u00e9 poss\u00edvel identificar padr\u00f5es de influ\u00eancia, medir&hellip; <\/p><\/div>\n\n<div class=\"wp-block-post-date\"><time datetime=\"2024-01-03T17:24:34-03:00\">2024-01-03<\/time><\/div><\/div>\n\n<\/li><li class=\"wp-block-post post-642 post type-post status-publish format-standard hentry category-educacao-tecnologia\">\n\n<div class=\"wp-block-group has-small-font-size is-vertical is-layout-flex wp-container-core-group-is-layout-2eb2ff60 wp-block-group-is-layout-flex\" style=\"padding-top:30px;padding-right:30px;padding-bottom:30px;padding-left:30px\"><h2 class=\"wp-block-post-title\"><a href=\"https:\/\/leonardoguedes.com.br\/lg\/2024\/01\/03\/fintechs-apoiadas-pela-ciencia-de-dados\/\" target=\"_self\" >Fintechs apoiadas pela Ci\u00eancia de Dados<\/a><\/h2>\n\n<div class=\"wp-block-post-excerpt\"><p class=\"wp-block-post-excerpt__excerpt\">Discutimos aqui a crescente da ci\u00eancia de dados no setor de FinTech, destacando como a combina\u00e7\u00e3o de t\u00e9cnicas avan\u00e7adas de an\u00e1lise de dados e intelig\u00eancia artificial est\u00e1 remodelando as finan\u00e7as modernas. A discuss\u00e3o \u00e9 fundamentada na revis\u00e3o de literatura recente, incluindo dois documentos acad\u00eamicos e informa\u00e7\u00f5es provenientes de di\u00e1logos interativos sobre o tema. A an\u00e1lise&hellip; <\/p><\/div>\n\n<div class=\"wp-block-post-date\"><time datetime=\"2024-01-03T17:21:45-03:00\">2024-01-03<\/time><\/div><\/div>\n\n<\/li><li class=\"wp-block-post post-339 post type-post status-publish format-standard has-post-thumbnail hentry category-planejamento-e-gestao tag-larissa-daniela-castro-moura tag-leonardo-guerra-de-rezende-guedes\">\n\n<div class=\"wp-block-group has-small-font-size is-vertical is-layout-flex wp-container-core-group-is-layout-2eb2ff60 wp-block-group-is-layout-flex\" style=\"padding-top:30px;padding-right:30px;padding-bottom:30px;padding-left:30px\"><h2 class=\"wp-block-post-title\"><a href=\"https:\/\/leonardoguedes.com.br\/lg\/2022\/10\/24\/standardization-of-the-urban-expansion-of-goiania-1981-2020-a-focus-on-the-southeast-region\/\" target=\"_self\" >Padroniza\u00e7\u00e3o da Expans\u00e3o Urbana de Goi\u00e2nia (1981-2020): um enfoque na regi\u00e3o sudeste<\/a><\/h2>\n\n<div class=\"wp-block-post-excerpt\"><p class=\"wp-block-post-excerpt__excerpt\">Authors: Leonardo Guerra de Rezende Guedes &amp; Larissa Daniela Castro Moura Este artigo busca compreender a padroniza\u00e7\u00e3o espacial de condom\u00ednios horizontais que surgiram a partir do processo de expans\u00e3o urbana na Regi\u00e3o Sudeste de Goi\u00e2nia, por meio da transforma\u00e7\u00e3o de espa\u00e7os rurais em espa\u00e7os urbanos. Para a an\u00e1lise, foram utilizados dados obtidos a partir de&hellip; <\/p><\/div>\n\n<div class=\"wp-block-post-date\"><time datetime=\"2022-10-24T15:13:28-03:00\">2022-10-24<\/time><\/div><\/div>\n\n<\/li><li class=\"wp-block-post post-27 post type-post status-publish format-standard has-post-thumbnail hentry category-planejamento-e-gestao tag-leonardo-guerra-de-rezende-guedes tag-marcelo-garcia\">\n\n<div class=\"wp-block-group has-small-font-size is-vertical is-layout-flex wp-container-core-group-is-layout-2eb2ff60 wp-block-group-is-layout-flex\" style=\"padding-top:30px;padding-right:30px;padding-bottom:30px;padding-left:30px\"><h2 class=\"wp-block-post-title\"><a href=\"https:\/\/leonardoguedes.com.br\/lg\/2022\/09\/11\/tomada-de-decisao-empresarial-apoioada-em-metodo-multicriterial\/\" target=\"_self\" >Tomada de Decis\u00e3o Empresarial com Suporte do M\u00e9todo Multicriterial<\/a><\/h2>\n\n<div class=\"wp-block-post-excerpt\"><p class=\"wp-block-post-excerpt__excerpt\">Authors: Leonardo Guerra de Rezende Guedes &amp; Marcelo Garcia Abstract. In the current scenario, the great challenge facing medium and large companies and their planning professionals is to be able to evaluate the different characteristics of project problems from a single perspective, more specifically the various pricing model solutions, establishing parameters that allow an operator&hellip; <\/p><\/div>\n\n<div class=\"wp-block-post-date\"><time datetime=\"2022-09-11T23:48:00-03:00\">2022-09-11<\/time><\/div><\/div>\n\n<\/li><li class=\"wp-block-post post-256 post type-post status-publish format-standard has-post-thumbnail hentry category-educacao-tecnologia tag-leonardo-guerra-de-rezende-guedes tag-mara-lopes-de-araujo-lima\">\n\n<div class=\"wp-block-group has-small-font-size is-vertical is-layout-flex wp-container-core-group-is-layout-2eb2ff60 wp-block-group-is-layout-flex\" style=\"padding-top:30px;padding-right:30px;padding-bottom:30px;padding-left:30px\"><h2 class=\"wp-block-post-title\"><a href=\"https:\/\/leonardoguedes.com.br\/lg\/2020\/07\/21\/analise-qualitativa-da-capacitacao-no-meio-rural-na-modalidade-de-ensino-a-distancia-de-2018-a-2019-caso-senar-ar-go\/\" target=\"_self\" >An\u00e1lise qualitativa da forma\u00e7\u00e3o em ambiente rural no modo de educa\u00e7\u00e3o a dist\u00e2ncia de 2018 a 2019: caso Senar\/AR-GO<\/a><\/h2>\n\n<div class=\"wp-block-post-excerpt\"><p class=\"wp-block-post-excerpt__excerpt\">Authors: Leonardo Guerra de Rezende Guedes &amp; Mara Lopes de Ara\u00fajo Lima As aplica\u00e7\u00f5es tecnol\u00f3gicas e cient\u00edficas no agroneg\u00f3cio est\u00e3o levando as pessoas que vivem no campo a conhecer e operar essas tecnologias, a fim de obterem mais sucesso em sua produ\u00e7\u00e3o e comercializa\u00e7\u00e3o. A busca por profissionaliza\u00e7\u00e3o por meio de treinamento espec\u00edfico para este&hellip; <\/p><\/div>\n\n<div class=\"wp-block-post-date\"><time datetime=\"2020-07-21T12:50:11-03:00\">2020-07-21<\/time><\/div><\/div>\n\n<\/li><\/ul><\/div>\n<\/div>\n","protected":false},"excerpt":{"rendered":"","protected":false},"author":1,"featured_media":0,"parent":0,"menu_order":0,"comment_status":"closed","ping_status":"closed","template":"","meta":{"footnotes":""},"class_list":["post-522","page","type-page","status-publish","hentry"],"_links":{"self":[{"href":"https:\/\/leonardoguedes.com.br\/lg\/wp-json\/wp\/v2\/pages\/522","targetHints":{"allow":["GET"]}}],"collection":[{"href":"https:\/\/leonardoguedes.com.br\/lg\/wp-json\/wp\/v2\/pages"}],"about":[{"href":"https:\/\/leonardoguedes.com.br\/lg\/wp-json\/wp\/v2\/types\/page"}],"author":[{"embeddable":true,"href":"https:\/\/leonardoguedes.com.br\/lg\/wp-json\/wp\/v2\/users\/1"}],"replies":[{"embeddable":true,"href":"https:\/\/leonardoguedes.com.br\/lg\/wp-json\/wp\/v2\/comments?post=522"}],"version-history":[{"count":3,"href":"https:\/\/leonardoguedes.com.br\/lg\/wp-json\/wp\/v2\/pages\/522\/revisions"}],"predecessor-version":[{"id":657,"href":"https:\/\/leonardoguedes.com.br\/lg\/wp-json\/wp\/v2\/pages\/522\/revisions\/657"}],"wp:attachment":[{"href":"https:\/\/leonardoguedes.com.br\/lg\/wp-json\/wp\/v2\/media?parent=522"}],"curies":[{"name":"wp","href":"https:\/\/api.w.org\/{rel}","templated":true}]}}