{"id":494,"date":"2023-09-08T14:15:22","date_gmt":"2023-09-08T17:15:22","guid":{"rendered":"https:\/\/leonardoguedes.com.br\/lg\/?page_id=494"},"modified":"2023-12-05T11:21:29","modified_gmt":"2023-12-05T14:21:29","slug":"home","status":"publish","type":"page","link":"https:\/\/leonardoguedes.com.br\/lg\/home\/","title":{"rendered":"Prof. Leonardo Guedes"},"content":{"rendered":"\n<div class=\"wp-block-columns is-layout-flex wp-container-core-columns-is-layout-9d6595d7 wp-block-columns-is-layout-flex\">\n<div class=\"wp-block-column is-layout-flow wp-block-column-is-layout-flow\" style=\"flex-basis:100%\">\n<div class=\"wp-block-group is-content-justification-right is-nowrap is-layout-flex wp-container-core-group-is-layout-fd526d70 wp-block-group-is-layout-flex\">\n<ul class=\"wp-block-social-links is-content-justification-left is-layout-flex wp-container-core-social-links-is-layout-fdcfc74e wp-block-social-links-is-layout-flex\"><li class=\"wp-social-link wp-social-link-instagram  wp-block-social-link\"><a href=\"https:\/\/www.instagram.com\/leonardo.guedes.lg\/\" class=\"wp-block-social-link-anchor\"><svg width=\"24\" height=\"24\" viewBox=\"0 0 24 24\" version=\"1.1\" xmlns=\"http:\/\/www.w3.org\/2000\/svg\" aria-hidden=\"true\" focusable=\"false\"><path d=\"M12,4.622c2.403,0,2.688,0.009,3.637,0.052c0.877,0.04,1.354,0.187,1.671,0.31c0.42,0.163,0.72,0.358,1.035,0.673 c0.315,0.315,0.51,0.615,0.673,1.035c0.123,0.317,0.27,0.794,0.31,1.671c0.043,0.949,0.052,1.234,0.052,3.637 s-0.009,2.688-0.052,3.637c-0.04,0.877-0.187,1.354-0.31,1.671c-0.163,0.42-0.358,0.72-0.673,1.035 c-0.315,0.315-0.615,0.51-1.035,0.673c-0.317,0.123-0.794,0.27-1.671,0.31c-0.949,0.043-1.233,0.052-3.637,0.052 s-2.688-0.009-3.637-0.052c-0.877-0.04-1.354-0.187-1.671-0.31c-0.42-0.163-0.72-0.358-1.035-0.673 c-0.315-0.315-0.51-0.615-0.673-1.035c-0.123-0.317-0.27-0.794-0.31-1.671C4.631,14.688,4.622,14.403,4.622,12 s0.009-2.688,0.052-3.637c0.04-0.877,0.187-1.354,0.31-1.671c0.163-0.42,0.358-0.72,0.673-1.035 c0.315-0.315,0.615-0.51,1.035-0.673c0.317-0.123,0.794-0.27,1.671-0.31C9.312,4.631,9.597,4.622,12,4.622 M12,3 C9.556,3,9.249,3.01,8.289,3.054C7.331,3.098,6.677,3.25,6.105,3.472C5.513,3.702,5.011,4.01,4.511,4.511 c-0.5,0.5-0.808,1.002-1.038,1.594C3.25,6.677,3.098,7.331,3.054,8.289C3.01,9.249,3,9.556,3,12c0,2.444,0.01,2.751,0.054,3.711 c0.044,0.958,0.196,1.612,0.418,2.185c0.23,0.592,0.538,1.094,1.038,1.594c0.5,0.5,1.002,0.808,1.594,1.038 c0.572,0.222,1.227,0.375,2.185,0.418C9.249,20.99,9.556,21,12,21s2.751-0.01,3.711-0.054c0.958-0.044,1.612-0.196,2.185-0.418 c0.592-0.23,1.094-0.538,1.594-1.038c0.5-0.5,0.808-1.002,1.038-1.594c0.222-0.572,0.375-1.227,0.418-2.185 C20.99,14.751,21,14.444,21,12s-0.01-2.751-0.054-3.711c-0.044-0.958-0.196-1.612-0.418-2.185c-0.23-0.592-0.538-1.094-1.038-1.594 c-0.5-0.5-1.002-0.808-1.594-1.038c-0.572-0.222-1.227-0.375-2.185-0.418C14.751,3.01,14.444,3,12,3L12,3z M12,7.378 c-2.552,0-4.622,2.069-4.622,4.622S9.448,16.622,12,16.622s4.622-2.069,4.622-4.622S14.552,7.378,12,7.378z M12,15 c-1.657,0-3-1.343-3-3s1.343-3,3-3s3,1.343,3,3S13.657,15,12,15z M16.804,6.116c-0.596,0-1.08,0.484-1.08,1.08 s0.484,1.08,1.08,1.08c0.596,0,1.08-0.484,1.08-1.08S17.401,6.116,16.804,6.116z\"><\/path><\/svg><span class=\"wp-block-social-link-label screen-reader-text\">Instagram<\/span><\/a><\/li>\n\n<li class=\"wp-social-link wp-social-link-facebook  wp-block-social-link\"><a href=\"https:\/\/www.facebook.com\/LE0.Guedes\/\" class=\"wp-block-social-link-anchor\"><svg width=\"24\" height=\"24\" viewBox=\"0 0 24 24\" version=\"1.1\" xmlns=\"http:\/\/www.w3.org\/2000\/svg\" aria-hidden=\"true\" focusable=\"false\"><path d=\"M12 2C6.5 2 2 6.5 2 12c0 5 3.7 9.1 8.4 9.9v-7H7.9V12h2.5V9.8c0-2.5 1.5-3.9 3.8-3.9 1.1 0 2.2.2 2.2.2v2.5h-1.3c-1.2 0-1.6.8-1.6 1.6V12h2.8l-.4 2.9h-2.3v7C18.3 21.1 22 17 22 12c0-5.5-4.5-10-10-10z\"><\/path><\/svg><span class=\"wp-block-social-link-label screen-reader-text\">Facebook<\/span><\/a><\/li>\n\n<li class=\"wp-social-link wp-social-link-linkedin  wp-block-social-link\"><a href=\"https:\/\/www.linkedin.com\/in\/leonardoguedes\/\" class=\"wp-block-social-link-anchor\"><svg width=\"24\" height=\"24\" viewBox=\"0 0 24 24\" version=\"1.1\" xmlns=\"http:\/\/www.w3.org\/2000\/svg\" aria-hidden=\"true\" focusable=\"false\"><path d=\"M19.7,3H4.3C3.582,3,3,3.582,3,4.3v15.4C3,20.418,3.582,21,4.3,21h15.4c0.718,0,1.3-0.582,1.3-1.3V4.3 C21,3.582,20.418,3,19.7,3z M8.339,18.338H5.667v-8.59h2.672V18.338z M7.004,8.574c-0.857,0-1.549-0.694-1.549-1.548 c0-0.855,0.691-1.548,1.549-1.548c0.854,0,1.547,0.694,1.547,1.548C8.551,7.881,7.858,8.574,7.004,8.574z M18.339,18.338h-2.669 v-4.177c0-0.996-0.017-2.278-1.387-2.278c-1.389,0-1.601,1.086-1.601,2.206v4.249h-2.667v-8.59h2.559v1.174h0.037 c0.356-0.675,1.227-1.387,2.526-1.387c2.703,0,3.203,1.779,3.203,4.092V18.338z\"><\/path><\/svg><span class=\"wp-block-social-link-label screen-reader-text\">LinkedIn<\/span><\/a><\/li><\/ul>\n<\/div>\n<\/div>\n<\/div>\n\n\n\n<div class=\"wp-block-columns are-vertically-aligned-center is-layout-flex wp-container-core-columns-is-layout-9d6595d7 wp-block-columns-is-layout-flex\">\n<div class=\"wp-block-column is-vertically-aligned-center is-layout-flow wp-block-column-is-layout-flow\">\n<div class=\"wp-block-buttons is-content-justification-center is-layout-flex wp-container-core-buttons-is-layout-16018d1d wp-block-buttons-is-layout-flex\">\n<div class=\"wp-block-button is-style-outline is-style-outline--1\"><a class=\"wp-block-button__link wp-element-button\"><strong>Meu Portfolio<\/strong><\/a><\/div>\n<\/div>\n<\/div>\n<\/div>\n\n\n\n<h2 class=\"wp-block-heading\">Artigos T\u00e9cnicos<\/h2>\n\n\n\n<div class=\"wp-block-query is-layout-flow wp-block-query-is-layout-flow\"><ul class=\"columns-3 wp-block-post-template is-layout-grid wp-container-core-post-template-is-layout-2fc57c17 wp-block-post-template-is-layout-grid\"><li class=\"wp-block-post post-658 post type-post status-publish format-standard hentry category-educacao-tecnologia\">\n\n<div class=\"wp-block-group has-vivid-cyan-blue-color has-text-color\" style=\"padding-top:30px;padding-right:30px;padding-bottom:30px;padding-left:30px\"><div class=\"wp-block-group__inner-container is-layout-flow wp-block-group-is-layout-flow\"><h2 class=\"wp-block-post-title has-text-color has-vivid-cyan-blue-color has-medium-font-size\"><a href=\"https:\/\/leonardoguedes.com.br\/lg\/2026\/03\/28\/analise-ambiental-swot-com-priorizacao\/\" target=\"_self\" >An\u00e1lise Ambiental SWOT com Prioriza\u00e7\u00e3o: Realiza\u00e7\u00e3o do MotoGP em Goi\u00e2nia An\u00e1lise Ambiental SWOT com Prioriza\u00e7\u00e3o<\/a><\/h2>\n\n<div class=\"wp-block-post-excerpt has-text-color has-black-color has-small-font-size\"><p class=\"wp-block-post-excerpt__excerpt\">Leonardo Guerra de Rezende Guedes, Prof. Dr. UFG &amp; Poli, PUC Goi\u00e1s Introdu\u00e7\u00e3o Estudo de Caso:&nbsp;Realiza\u00e7\u00e3o do MotoGP em Goi\u00e2nia A l\u00f3gica metodol\u00f3gica deste manual parte de um ponto central da literatura cl\u00e1ssica:&nbsp;diagn\u00f3stico ambiental sem prioriza\u00e7\u00e3o tende a produzir listas extensas, vagas e pouco acion\u00e1veis. Hill e Westbrook (1997) mostraram exatamente esse problema ao observar&hellip; <\/p><\/div>\n\n<div class=\"wp-block-post-date\"><time datetime=\"2026-03-28T11:33:50-03:00\">2026-03-28<\/time><\/div><\/div><\/div>\n\n<\/li><li class=\"wp-block-post post-645 post type-post status-publish format-standard hentry category-educacao-tecnologia\">\n\n<div class=\"wp-block-group has-vivid-cyan-blue-color has-text-color\" style=\"padding-top:30px;padding-right:30px;padding-bottom:30px;padding-left:30px\"><div class=\"wp-block-group__inner-container is-layout-flow wp-block-group-is-layout-flow\"><h2 class=\"wp-block-post-title has-text-color has-vivid-cyan-blue-color has-medium-font-size\"><a href=\"https:\/\/leonardoguedes.com.br\/lg\/2024\/01\/03\/ciencia-de-dados-na-era-dos-influenciadores-digitais\/\" target=\"_self\" >Ci\u00eancia de Dados na Era dos Influenciadores Digitais<\/a><\/h2>\n\n<div class=\"wp-block-post-excerpt has-text-color has-black-color has-small-font-size\"><p class=\"wp-block-post-excerpt__excerpt\">Os influenciadores digitais desempenham um papel crucial na era moderna da comunica\u00e7\u00e3o e marketing. A ci\u00eancia de dados se aplica nesse contexto para analisar e compreender o impacto desses influenciadores nas redes sociais. Utilizando t\u00e9cnicas avan\u00e7adas como an\u00e1lise de redes sociais, minera\u00e7\u00e3o de dados e aprendizado de m\u00e1quina, \u00e9 poss\u00edvel identificar padr\u00f5es de influ\u00eancia, medir&hellip; <\/p><\/div>\n\n<div class=\"wp-block-post-date\"><time datetime=\"2024-01-03T17:24:34-03:00\">2024-01-03<\/time><\/div><\/div><\/div>\n\n<\/li><li class=\"wp-block-post post-642 post type-post status-publish format-standard hentry category-educacao-tecnologia\">\n\n<div class=\"wp-block-group has-vivid-cyan-blue-color has-text-color\" style=\"padding-top:30px;padding-right:30px;padding-bottom:30px;padding-left:30px\"><div class=\"wp-block-group__inner-container is-layout-flow wp-block-group-is-layout-flow\"><h2 class=\"wp-block-post-title has-text-color has-vivid-cyan-blue-color has-medium-font-size\"><a href=\"https:\/\/leonardoguedes.com.br\/lg\/2024\/01\/03\/fintechs-apoiadas-pela-ciencia-de-dados\/\" target=\"_self\" >Fintechs apoiadas pela Ci\u00eancia de Dados<\/a><\/h2>\n\n<div class=\"wp-block-post-excerpt has-text-color has-black-color has-small-font-size\"><p class=\"wp-block-post-excerpt__excerpt\">Discutimos aqui a crescente da ci\u00eancia de dados no setor de FinTech, destacando como a combina\u00e7\u00e3o de t\u00e9cnicas avan\u00e7adas de an\u00e1lise de dados e intelig\u00eancia artificial est\u00e1 remodelando as finan\u00e7as modernas. A discuss\u00e3o \u00e9 fundamentada na revis\u00e3o de literatura recente, incluindo dois documentos acad\u00eamicos e informa\u00e7\u00f5es provenientes de di\u00e1logos interativos sobre o tema. A an\u00e1lise&hellip; <\/p><\/div>\n\n<div class=\"wp-block-post-date\"><time datetime=\"2024-01-03T17:21:45-03:00\">2024-01-03<\/time><\/div><\/div><\/div>\n\n<\/li><li class=\"wp-block-post post-339 post type-post status-publish format-standard has-post-thumbnail hentry category-planejamento-e-gestao tag-larissa-daniela-castro-moura tag-leonardo-guerra-de-rezende-guedes\">\n\n<div class=\"wp-block-group has-vivid-cyan-blue-color has-text-color\" style=\"padding-top:30px;padding-right:30px;padding-bottom:30px;padding-left:30px\"><div class=\"wp-block-group__inner-container is-layout-flow wp-block-group-is-layout-flow\"><h2 class=\"wp-block-post-title has-text-color has-vivid-cyan-blue-color has-medium-font-size\"><a href=\"https:\/\/leonardoguedes.com.br\/lg\/2022\/10\/24\/standardization-of-the-urban-expansion-of-goiania-1981-2020-a-focus-on-the-southeast-region\/\" target=\"_self\" >Padroniza\u00e7\u00e3o da Expans\u00e3o Urbana de Goi\u00e2nia (1981-2020): um enfoque na regi\u00e3o sudeste<\/a><\/h2>\n\n<div class=\"wp-block-post-excerpt has-text-color has-black-color has-small-font-size\"><p class=\"wp-block-post-excerpt__excerpt\">Authors: Leonardo Guerra de Rezende Guedes &amp; Larissa Daniela Castro Moura Este artigo busca compreender a padroniza\u00e7\u00e3o espacial de condom\u00ednios horizontais que surgiram a partir do processo de expans\u00e3o urbana na Regi\u00e3o Sudeste de Goi\u00e2nia, por meio da transforma\u00e7\u00e3o de espa\u00e7os rurais em espa\u00e7os urbanos. Para a an\u00e1lise, foram utilizados dados obtidos a partir de&hellip; <\/p><\/div>\n\n<div class=\"wp-block-post-date\"><time datetime=\"2022-10-24T15:13:28-03:00\">2022-10-24<\/time><\/div><\/div><\/div>\n\n<\/li><li class=\"wp-block-post post-27 post type-post status-publish format-standard has-post-thumbnail hentry category-planejamento-e-gestao tag-leonardo-guerra-de-rezende-guedes tag-marcelo-garcia\">\n\n<div class=\"wp-block-group has-vivid-cyan-blue-color has-text-color\" style=\"padding-top:30px;padding-right:30px;padding-bottom:30px;padding-left:30px\"><div class=\"wp-block-group__inner-container is-layout-flow wp-block-group-is-layout-flow\"><h2 class=\"wp-block-post-title has-text-color has-vivid-cyan-blue-color has-medium-font-size\"><a href=\"https:\/\/leonardoguedes.com.br\/lg\/2022\/09\/11\/tomada-de-decisao-empresarial-apoioada-em-metodo-multicriterial\/\" target=\"_self\" >Tomada de Decis\u00e3o Empresarial com Suporte do M\u00e9todo Multicriterial<\/a><\/h2>\n\n<div class=\"wp-block-post-excerpt has-text-color has-black-color has-small-font-size\"><p class=\"wp-block-post-excerpt__excerpt\">Authors: Leonardo Guerra de Rezende Guedes &amp; Marcelo Garcia Abstract. In the current scenario, the great challenge facing medium and large companies and their planning professionals is to be able to evaluate the different characteristics of project problems from a single perspective, more specifically the various pricing model solutions, establishing parameters that allow an operator&hellip; <\/p><\/div>\n\n<div class=\"wp-block-post-date\"><time datetime=\"2022-09-11T23:48:00-03:00\">2022-09-11<\/time><\/div><\/div><\/div>\n\n<\/li><li class=\"wp-block-post post-256 post type-post status-publish format-standard has-post-thumbnail hentry category-educacao-tecnologia tag-leonardo-guerra-de-rezende-guedes tag-mara-lopes-de-araujo-lima\">\n\n<div class=\"wp-block-group has-vivid-cyan-blue-color has-text-color\" style=\"padding-top:30px;padding-right:30px;padding-bottom:30px;padding-left:30px\"><div class=\"wp-block-group__inner-container is-layout-flow wp-block-group-is-layout-flow\"><h2 class=\"wp-block-post-title has-text-color has-vivid-cyan-blue-color has-medium-font-size\"><a href=\"https:\/\/leonardoguedes.com.br\/lg\/2020\/07\/21\/analise-qualitativa-da-capacitacao-no-meio-rural-na-modalidade-de-ensino-a-distancia-de-2018-a-2019-caso-senar-ar-go\/\" target=\"_self\" >An\u00e1lise qualitativa da forma\u00e7\u00e3o em ambiente rural no modo de educa\u00e7\u00e3o a dist\u00e2ncia de 2018 a 2019: caso Senar\/AR-GO<\/a><\/h2>\n\n<div class=\"wp-block-post-excerpt has-text-color has-black-color has-small-font-size\"><p class=\"wp-block-post-excerpt__excerpt\">Authors: Leonardo Guerra de Rezende Guedes &amp; Mara Lopes de Ara\u00fajo Lima As aplica\u00e7\u00f5es tecnol\u00f3gicas e cient\u00edficas no agroneg\u00f3cio est\u00e3o levando as pessoas que vivem no campo a conhecer e operar essas tecnologias, a fim de obterem mais sucesso em sua produ\u00e7\u00e3o e comercializa\u00e7\u00e3o. A busca por profissionaliza\u00e7\u00e3o por meio de treinamento espec\u00edfico para este&hellip; <\/p><\/div>\n\n<div class=\"wp-block-post-date\"><time datetime=\"2020-07-21T12:50:11-03:00\">2020-07-21<\/time><\/div><\/div><\/div>\n\n<\/li><li class=\"wp-block-post post-217 post type-post status-publish format-standard has-post-thumbnail hentry category-planejamento-e-gestao tag-eugenio-julio-messala-candido-carvalho tag-leonardo-guerra-de-rezende-guedes tag-leopoldo-da-veiga-jardim-filho tag-olegario-correa-da-silva-neto\">\n\n<div class=\"wp-block-group has-vivid-cyan-blue-color has-text-color\" style=\"padding-top:30px;padding-right:30px;padding-bottom:30px;padding-left:30px\"><div class=\"wp-block-group__inner-container is-layout-flow wp-block-group-is-layout-flow\"><h2 class=\"wp-block-post-title has-text-color has-vivid-cyan-blue-color has-medium-font-size\"><a href=\"https:\/\/leonardoguedes.com.br\/lg\/2020\/07\/19\/on-the-evaluation-of-companies-managerial-maturity\/\" target=\"_self\" >Avalia\u00e7\u00e3o da Maturidade Gerencial das Empresas (ingl\u00eas)<\/a><\/h2>\n\n<div class=\"wp-block-post-excerpt has-text-color has-black-color has-small-font-size\"><p class=\"wp-block-post-excerpt__excerpt\">Authors: Leonardo Guerra de Rezende Guedes, Jos\u00e9 Leopoldo da Veiga Jardim Filho, Oleg\u00e1rio Corr\u00eaa Silva Neto &amp; Eug\u00eanio J\u00falio Messala C\u00e2ndido Carvalho Este trabalho discute um m\u00e9todo para quantificar a maturidade gerencial em uma empresa com base na avalia\u00e7\u00e3o interna das habilidades administrativas, pessoais e t\u00e9cnicas dos gestores, bem como na avalia\u00e7\u00e3o da maturidade conceitual&hellip; <\/p><\/div>\n\n<div class=\"wp-block-post-date\"><time datetime=\"2020-07-19T23:27:29-03:00\">2020-07-19<\/time><\/div><\/div><\/div>\n\n<\/li><li class=\"wp-block-post post-183 post type-post status-publish format-standard has-post-thumbnail hentry category-educacao-tecnologia tag-eugenio-julio-messala-candido-carvalho tag-heitor-melo-de-lucas-brandao tag-leonardo-guerra-de-rezende-guedes tag-olegario-correa-da-silva-neto\">\n\n<div class=\"wp-block-group has-vivid-cyan-blue-color has-text-color\" style=\"padding-top:30px;padding-right:30px;padding-bottom:30px;padding-left:30px\"><div class=\"wp-block-group__inner-container is-layout-flow wp-block-group-is-layout-flow\"><h2 class=\"wp-block-post-title has-text-color has-vivid-cyan-blue-color has-medium-font-size\"><a href=\"https:\/\/leonardoguedes.com.br\/lg\/2020\/03\/10\/analise-do-modelo-de-avaliacao-de-proficiencia-do-aluno-para-testes-adaptativos\/\" target=\"_self\" >An\u00e1lise do Modelo de Avalia\u00e7\u00e3o de Profici\u00eancia de Estudantes para Testes Adaptativos (ingl\u00eas)<\/a><\/h2>\n\n<div class=\"wp-block-post-excerpt has-text-color has-black-color has-small-font-size\"><p class=\"wp-block-post-excerpt__excerpt\">Authors: Leonardo Guerra de Rezende Guedes, Heitor Melo de Lucas Brand\u00e3o, Oleg\u00e1rio Corr\u00eaa Silva Neto, Eug\u00eanio J\u00falio Messala C\u00e2ndido Carvalho A evolu\u00e7\u00e3o da Internet e sua ado\u00e7\u00e3o t\u00eam transformado e continuam a transformar cada vez mais o contexto humano, e a educa\u00e7\u00e3o tamb\u00e9m est\u00e1 inserida nessa situa\u00e7\u00e3o. Devido a isso, existem ferramentas de apoio ao&hellip; <\/p><\/div>\n\n<div class=\"wp-block-post-date\"><time datetime=\"2020-03-10T18:36:42-03:00\">2020-03-10<\/time><\/div><\/div><\/div>\n\n<\/li><li class=\"wp-block-post post-156 post type-post status-publish format-standard has-post-thumbnail hentry category-engenharia-inocavao category-planejamento-e-gestao tag-chrystian-gabriel-da-silva-sousa tag-eugenio-julio-messala-candido-carvalho tag-olegario-correa-da-silva-neto\">\n\n<div class=\"wp-block-group has-vivid-cyan-blue-color has-text-color\" style=\"padding-top:30px;padding-right:30px;padding-bottom:30px;padding-left:30px\"><div class=\"wp-block-group__inner-container is-layout-flow wp-block-group-is-layout-flow\"><h2 class=\"wp-block-post-title has-text-color has-vivid-cyan-blue-color has-medium-font-size\"><a href=\"https:\/\/leonardoguedes.com.br\/lg\/2019\/12\/24\/da-previsibilidade-do-trafego-publico-urbano-poissoniano\/\" target=\"_self\" >Da Previsibilidade do Tr\u00e1fego P\u00fablico Urbano Poissoniano<\/a><\/h2>\n\n<div class=\"wp-block-post-excerpt has-text-color has-black-color has-small-font-size\"><p class=\"wp-block-post-excerpt__excerpt\">Authors: Leonardo Guerra de Rezende Guedes, Chrystian Gabriel Silva Sousa, Oleg\u00e1rio Corr\u00eaa Silva Neto, Eug\u00eanio J\u00falio Messala C\u00e2ndido Carvalho O transporte p\u00fablico urbano afeta diretamente a qualidade de vida das pessoas. Para prever sua demanda, \u00e9 necess\u00e1rio um modelo capaz de representar o comportamento dessa demanda, permitindo que o sistema seja responsivo ao comportamento dos&hellip; <\/p><\/div>\n\n<div class=\"wp-block-post-date\"><time datetime=\"2019-12-24T20:07:36-03:00\">2019-12-24<\/time><\/div><\/div><\/div>\n\n<\/li><li class=\"wp-block-post post-140 post type-post status-publish format-standard has-post-thumbnail hentry category-planejamento-e-gestao tag-leonardo-guerra-de-rezende-guedes tag-rodolfo-alves-faria-de-almeida\">\n\n<div class=\"wp-block-group has-vivid-cyan-blue-color has-text-color\" style=\"padding-top:30px;padding-right:30px;padding-bottom:30px;padding-left:30px\"><div class=\"wp-block-group__inner-container is-layout-flow wp-block-group-is-layout-flow\"><h2 class=\"wp-block-post-title has-text-color has-vivid-cyan-blue-color has-medium-font-size\"><a href=\"https:\/\/leonardoguedes.com.br\/lg\/2019\/11\/20\/desenvolvimento-urbano-e-condicao-pos-moderna-do-setor-sul-da-cidade-de-goiania\/\" target=\"_self\" >Desenvolvimento Urbano e Condi\u00e7\u00f5es P\u00f3s-Modernas nos Bairros do Setor Sul da Cidade de Goi\u00e2nia<\/a><\/h2>\n\n<div class=\"wp-block-post-excerpt has-text-color has-black-color has-small-font-size\"><p class=\"wp-block-post-excerpt__excerpt\">Authors: Leonardo Guerra de Rezende Guedes &amp; Rodolfo Alves Faria Almeida A diferencia\u00e7\u00e3o entre a aplica\u00e7\u00e3o de um conceito preestabelecido, sua implementa\u00e7\u00e3o e as condi\u00e7\u00f5es atuais nas quais o bairro est\u00e1 situado \u00e9 a grande quest\u00e3o, pois os efeitos da transi\u00e7\u00e3o da modernidade para os tempos contempor\u00e2neos ainda t\u00eam um impacto impl\u00edcito nos usos e&hellip; <\/p><\/div>\n\n<div class=\"wp-block-post-date\"><time datetime=\"2019-11-20T23:43:07-03:00\">2019-11-20<\/time><\/div><\/div><\/div>\n\n<\/li><\/ul><\/div>\n","protected":false},"excerpt":{"rendered":"<p>Artigos T\u00e9cnicos<\/p>\n","protected":false},"author":1,"featured_media":0,"parent":0,"menu_order":0,"comment_status":"closed","ping_status":"closed","template":"","meta":{"footnotes":""},"class_list":["post-494","page","type-page","status-publish","hentry"],"_links":{"self":[{"href":"https:\/\/leonardoguedes.com.br\/lg\/wp-json\/wp\/v2\/pages\/494","targetHints":{"allow":["GET"]}}],"collection":[{"href":"https:\/\/leonardoguedes.com.br\/lg\/wp-json\/wp\/v2\/pages"}],"about":[{"href":"https:\/\/leonardoguedes.com.br\/lg\/wp-json\/wp\/v2\/types\/page"}],"author":[{"embeddable":true,"href":"https:\/\/leonardoguedes.com.br\/lg\/wp-json\/wp\/v2\/users\/1"}],"replies":[{"embeddable":true,"href":"https:\/\/leonardoguedes.com.br\/lg\/wp-json\/wp\/v2\/comments?post=494"}],"version-history":[{"count":27,"href":"https:\/\/leonardoguedes.com.br\/lg\/wp-json\/wp\/v2\/pages\/494\/revisions"}],"predecessor-version":[{"id":638,"href":"https:\/\/leonardoguedes.com.br\/lg\/wp-json\/wp\/v2\/pages\/494\/revisions\/638"}],"wp:attachment":[{"href":"https:\/\/leonardoguedes.com.br\/lg\/wp-json\/wp\/v2\/media?parent=494"}],"curies":[{"name":"wp","href":"https:\/\/api.w.org\/{rel}","templated":true}]}}