{"id":369,"date":"2021-06-09T17:15:23","date_gmt":"2021-06-09T20:15:23","guid":{"rendered":"https:\/\/leonardoguedes.com.br\/lg\/?page_id=369"},"modified":"2023-09-08T02:02:55","modified_gmt":"2023-09-08T05:02:55","slug":"sitemap","status":"publish","type":"page","link":"https:\/\/leonardoguedes.com.br\/lg\/sitemap\/","title":{"rendered":"Mapa do site"},"content":{"rendered":"\n<div class=\"wsp-container\"><h2 class=\"wsp-pages-title\">Pages<\/h2>\n<ul class=\"wsp-pages-list\">\n<li class=\"page_item page-item-522\"><a href=\"https:\/\/leonardoguedes.com.br\/lg\/\">Artigos T\u00e9cnicos<\/a><\/li>\n<li class=\"page_item page-item-2\"><a href=\"https:\/\/leonardoguedes.com.br\/lg\/aboutme\/\">Bio<\/a><\/li>\n<li class=\"page_item page-item-369\"><a href=\"https:\/\/leonardoguedes.com.br\/lg\/sitemap\/\">Mapa do site<\/a><\/li>\n<li class=\"page_item page-item-557\"><a href=\"https:\/\/leonardoguedes.com.br\/lg\/meus-livros\/\">Meus livros<\/a><\/li>\n<li class=\"page_item page-item-629\"><a href=\"https:\/\/leonardoguedes.com.br\/lg\/politica\/\">Pol\u00edtica de Privacidade<\/a><\/li>\n<li class=\"page_item page-item-494\"><a href=\"https:\/\/leonardoguedes.com.br\/lg\/home\/\">Prof. Leonardo Guedes<\/a><\/li>\n<\/ul>\n<h2 class=\"wsp-posts-title\">Posts by category<\/h2>\n<ul class=\"wsp-posts-list\">\n\t<li><strong class=\"wsp-category-title\">Category: <a href=\"https:\/\/leonardoguedes.com.br\/lg\/category\/educacao-tecnologia\/\">Educa\u00e7\u00e3o e Tecnologia<\/a><\/strong>\n<ul class=\"wsp-posts-list\">\t\t<li class=\"wsp-post\"><a href=\"https:\/\/leonardoguedes.com.br\/lg\/2026\/03\/28\/analise-ambiental-swot-com-priorizacao\/\">An\u00e1lise Ambiental SWOT com Prioriza\u00e7\u00e3o: Realiza\u00e7\u00e3o do MotoGP em Goi\u00e2nia An\u00e1lise Ambiental SWOT com Prioriza\u00e7\u00e3o<\/a><\/li>\n\t\t<li class=\"wsp-post\"><a href=\"https:\/\/leonardoguedes.com.br\/lg\/2024\/01\/03\/ciencia-de-dados-na-era-dos-influenciadores-digitais\/\">Ci\u00eancia de Dados na Era dos Influenciadores Digitais<\/a><\/li>\n\t\t<li class=\"wsp-post\"><a href=\"https:\/\/leonardoguedes.com.br\/lg\/2024\/01\/03\/fintechs-apoiadas-pela-ciencia-de-dados\/\">Fintechs apoiadas pela Ci\u00eancia de Dados<\/a><\/li>\n\t\t<li class=\"wsp-post\"><a href=\"https:\/\/leonardoguedes.com.br\/lg\/2020\/07\/21\/analise-qualitativa-da-capacitacao-no-meio-rural-na-modalidade-de-ensino-a-distancia-de-2018-a-2019-caso-senar-ar-go\/\">An\u00e1lise qualitativa da forma\u00e7\u00e3o em ambiente rural no modo de educa\u00e7\u00e3o a dist\u00e2ncia de 2018 a 2019: caso Senar\/AR-GO<\/a><\/li>\n\t\t<li class=\"wsp-post\"><a href=\"https:\/\/leonardoguedes.com.br\/lg\/2020\/03\/10\/analise-do-modelo-de-avaliacao-de-proficiencia-do-aluno-para-testes-adaptativos\/\">An\u00e1lise do Modelo de Avalia\u00e7\u00e3o de Profici\u00eancia de Estudantes para Testes Adaptativos (ingl\u00eas)<\/a><\/li>\n\t\t<li class=\"wsp-post\"><a href=\"https:\/\/leonardoguedes.com.br\/lg\/2019\/11\/20\/diagnostico-e-avaliacao-da-aplicacao-de-metodologias-ativas-nos-cursos-de-engenharia-da-puc-goias-e-da-ufg\/\">Diagn\u00f3stico e avalia\u00e7\u00e3o da aplica\u00e7\u00e3o de metodologias ativas nos cursos de engenharia da PUC Goi\u00e1s e da UFG<\/a><\/li>\n<\/ul><\/li>\n\t<li><strong class=\"wsp-category-title\">Category: <a href=\"https:\/\/leonardoguedes.com.br\/lg\/category\/engenharia-inocavao\/\">Engenharia e Inova\u00e7\u00e3o<\/a><\/strong>\n<ul class=\"wsp-posts-list\">\t\t<li class=\"wsp-post\"><a href=\"https:\/\/leonardoguedes.com.br\/lg\/2019\/12\/24\/da-previsibilidade-do-trafego-publico-urbano-poissoniano\/\">Da Previsibilidade do Tr\u00e1fego P\u00fablico Urbano Poissoniano<\/a><\/li>\n\t\t<li class=\"wsp-post\"><a href=\"https:\/\/leonardoguedes.com.br\/lg\/2019\/09\/12\/industria\/\">Setor de Energia na Ind\u00fastria 4.0<\/a><\/li>\n\t\t<li class=\"wsp-post\"><a href=\"https:\/\/leonardoguedes.com.br\/lg\/2019\/09\/11\/mobilidade\/\">Uma Solu\u00e7\u00e3o Sub\u00f3tima para o Problema de Determina\u00e7\u00e3o de Viagens usando Algoritmos Gen\u00e9ticos em Redes de Petri<\/a><\/li>\n<\/ul><\/li>\n\t<li><strong class=\"wsp-category-title\">Category: <a href=\"https:\/\/leonardoguedes.com.br\/lg\/category\/planejamento-e-gestao\/\">Planejamento e Gest\u00e3o<\/a><\/strong>\n<ul class=\"wsp-posts-list\">\t\t<li class=\"wsp-post\"><a href=\"https:\/\/leonardoguedes.com.br\/lg\/2022\/10\/24\/standardization-of-the-urban-expansion-of-goiania-1981-2020-a-focus-on-the-southeast-region\/\">Padroniza\u00e7\u00e3o da Expans\u00e3o Urbana de Goi\u00e2nia (1981-2020): um enfoque na regi\u00e3o sudeste<\/a><\/li>\n\t\t<li class=\"wsp-post\"><a href=\"https:\/\/leonardoguedes.com.br\/lg\/2022\/09\/11\/tomada-de-decisao-empresarial-apoioada-em-metodo-multicriterial\/\">Tomada de Decis\u00e3o Empresarial com Suporte do M\u00e9todo Multicriterial<\/a><\/li>\n\t\t<li class=\"wsp-post\"><a href=\"https:\/\/leonardoguedes.com.br\/lg\/2020\/07\/19\/on-the-evaluation-of-companies-managerial-maturity\/\">Avalia\u00e7\u00e3o da Maturidade Gerencial das Empresas (ingl\u00eas)<\/a><\/li>\n\t\t<li class=\"wsp-post\"><a href=\"https:\/\/leonardoguedes.com.br\/lg\/2019\/11\/20\/desenvolvimento-urbano-e-condicao-pos-moderna-do-setor-sul-da-cidade-de-goiania\/\">Desenvolvimento Urbano e Condi\u00e7\u00f5es P\u00f3s-Modernas nos Bairros do Setor Sul da Cidade de Goi\u00e2nia<\/a><\/li>\n\t\t<li class=\"wsp-post\"><a href=\"https:\/\/leonardoguedes.com.br\/lg\/2019\/10\/06\/rede-de-cooperacao-empresarial-de-pequenas-e-medias-empresas\/\">Rede de Coopera\u00e7\u00e3o Empresarial para Pequenas e M\u00e9dias Empresas<\/a><\/li>\n\t\t<li class=\"wsp-post\"><a href=\"https:\/\/leonardoguedes.com.br\/lg\/2019\/09\/12\/consorcios\/\">Cons\u00f3rcios Intermunicipais em Pequenos Munic\u00edpios: uma Alternativa para a Gest\u00e3o de Res\u00edduos S\u00f3lidos Urbanos<\/a><\/li>\n<\/ul><\/li>\n<\/ul>\n<h2 class=\"wsp-elementor_librarys-title\">Meus modelos<\/h2>\n<ul class=\"wsp-elementor_librarys-list\">\n<li><a href=\"https:\/\/leonardoguedes.com.br\/lg\/?elementor_library=kit-padrao\">Kit Padr\u00e3o<\/a><\/li>\n<\/ul>\n<h2 class=\"wsp-archives-title\">Archives<\/h2>\n<ul class=\"wsp-archives-list\">\n\t<li><a href='https:\/\/leonardoguedes.com.br\/lg\/2026\/03\/'>mar\u00e7o 2026<\/a><\/li>\n\t<li><a href='https:\/\/leonardoguedes.com.br\/lg\/2024\/01\/'>janeiro 2024<\/a><\/li>\n\t<li><a href='https:\/\/leonardoguedes.com.br\/lg\/2022\/10\/'>outubro 2022<\/a><\/li>\n\t<li><a href='https:\/\/leonardoguedes.com.br\/lg\/2022\/09\/'>setembro 2022<\/a><\/li>\n\t<li><a href='https:\/\/leonardoguedes.com.br\/lg\/2020\/07\/'>julho 2020<\/a><\/li>\n\t<li><a href='https:\/\/leonardoguedes.com.br\/lg\/2020\/03\/'>mar\u00e7o 2020<\/a><\/li>\n\t<li><a href='https:\/\/leonardoguedes.com.br\/lg\/2019\/12\/'>dezembro 2019<\/a><\/li>\n\t<li><a href='https:\/\/leonardoguedes.com.br\/lg\/2019\/11\/'>novembro 2019<\/a><\/li>\n\t<li><a href='https:\/\/leonardoguedes.com.br\/lg\/2019\/10\/'>outubro 2019<\/a><\/li>\n\t<li><a href='https:\/\/leonardoguedes.com.br\/lg\/2019\/09\/'>setembro 2019<\/a><\/li>\n<\/ul>\n<p><a href=\"http:\/\/wordpress.org\/plugins\/wp-sitemap-page\/\">Powered by &quot;WP Sitemap Page&quot;<\/a><\/p><\/div>\n","protected":false},"excerpt":{"rendered":"","protected":false},"author":1,"featured_media":0,"parent":0,"menu_order":0,"comment_status":"closed","ping_status":"closed","template":"","meta":{"footnotes":""},"class_list":["post-369","page","type-page","status-publish","hentry"],"_links":{"self":[{"href":"https:\/\/leonardoguedes.com.br\/lg\/wp-json\/wp\/v2\/pages\/369","targetHints":{"allow":["GET"]}}],"collection":[{"href":"https:\/\/leonardoguedes.com.br\/lg\/wp-json\/wp\/v2\/pages"}],"about":[{"href":"https:\/\/leonardoguedes.com.br\/lg\/wp-json\/wp\/v2\/types\/page"}],"author":[{"embeddable":true,"href":"https:\/\/leonardoguedes.com.br\/lg\/wp-json\/wp\/v2\/users\/1"}],"replies":[{"embeddable":true,"href":"https:\/\/leonardoguedes.com.br\/lg\/wp-json\/wp\/v2\/comments?post=369"}],"version-history":[{"count":2,"href":"https:\/\/leonardoguedes.com.br\/lg\/wp-json\/wp\/v2\/pages\/369\/revisions"}],"predecessor-version":[{"id":440,"href":"https:\/\/leonardoguedes.com.br\/lg\/wp-json\/wp\/v2\/pages\/369\/revisions\/440"}],"wp:attachment":[{"href":"https:\/\/leonardoguedes.com.br\/lg\/wp-json\/wp\/v2\/media?parent=369"}],"curies":[{"name":"wp","href":"https:\/\/api.w.org\/{rel}","templated":true}]}}